{"id":5,"date":"2022-07-15T10:42:30","date_gmt":"2022-07-15T08:42:30","guid":{"rendered":"https:\/\/www.tomserin.com\/?page_id=5"},"modified":"2022-09-19T19:10:02","modified_gmt":"2022-09-19T17:10:02","slug":"home","status":"publish","type":"page","link":"https:\/\/www.tomserin.com\/","title":{"rendered":"Home"},"content":{"rendered":"\n<div class=\"wp-block-columns is-layout-flex wp-container-2\">\n<div class=\"wp-block-column is-layout-flow\"><\/div>\n<\/div>\n\n\n\n<p><\/p>\n\n\n\n<p>Dipl\u00f4m\u00e9 de l\u2019\u00c9cole Fran\u00e7aise Sup\u00e9rieure de Sophrologie, je vous propose un accompagnement personnalis\u00e9 pour faire de votre mental et vos \u00e9motions vos meilleurs alli\u00e9s.<\/p>\n\n\n\n<p><\/p>\n\n\n\n<p>La sophrologie est une m\u00e9thode verbale, bas\u00e9e sur la respiration, le rel\u00e2chement musculaire et la visualisation positive permettant de vous apporter une profonde d\u00e9tente, aussi bien physique que mentale.<\/p>\n\n\n\n<p> <\/p>\n\n\n\n<p> <\/p>\n\n\n\n<div class=\"wp-block-columns is-layout-flex wp-container-5\">\n<div class=\"wp-block-column is-layout-flow\">\n<figure class=\"wp-block-image size-full\"><img decoding=\"async\" loading=\"lazy\" width=\"400\" height=\"324\" src=\"https:\/\/www.tomserin.com\/wp-content\/uploads\/2022\/09\/img_accueil_tom.jpg\" alt=\"\" class=\"wp-image-186\" srcset=\"https:\/\/www.tomserin.com\/wp-content\/uploads\/2022\/09\/img_accueil_tom.jpg 400w, https:\/\/www.tomserin.com\/wp-content\/uploads\/2022\/09\/img_accueil_tom-300x243.jpg 300w\" sizes=\"(max-width: 400px) 100vw, 400px\" \/><\/figure>\n<\/div>\n\n\n\n<div class=\"wp-block-column is-layout-flow\">\n<p>C\u2019est un outil tr\u00e8s efficace pour :<\/p>\n\n\n\n<ul><li><em>Apprendre \u00e0 mieux g\u00e9rer son stress.<\/em><\/li><li><em>Sortir d\u2019un sch\u00e9ma anxiog\u00e8ne (crises d\u2019angoisses etc..)<\/em><\/li><li><em>Retrouver un sommeil de qualit\u00e9.<\/em><\/li><li><em>Aborder un \u00e9v\u00e9nement dans les meilleures conditions.<\/em><\/li><li><em>D\u00e9passer vos phobies.<\/em><\/li><\/ul>\n\n\n\n<p>Je me d\u00e9place \u00e0 votre domicile et propose \u00e9galement des s\u00e9ances en visioconf\u00e9rence.<\/p>\n\n\n\n<p>Si vous avez la moindre question je vous invite \u00e0 me contacter directement et me ferai un plaisir de vous r\u00e9pondre.<\/p>\n<\/div>\n<\/div>\n\n\n\n<p><strong>T\u00e9l\u00e9phone <\/strong>: 07 78 57 83 81        <strong>E-mail <\/strong>: <a href=\"mailto:tomserin.contact@gmail.com\">tomserin.contact@gmail.com<\/a><\/p>\n","protected":false},"excerpt":{"rendered":"<p>Dipl\u00f4m\u00e9 de l\u2019\u00c9cole Fran\u00e7aise Sup\u00e9rieure de Sophrologie, je vous propose un accompagnement personnalis\u00e9 pour faire de votre mental et vos \u00e9motions vos meilleurs alli\u00e9s. La sophrologie est une m\u00e9thode verbale, bas\u00e9e sur la respiration, le rel\u00e2chement musculaire et la visualisation positive permettant de vous apporter une profonde d\u00e9tente, aussi bien [&hellip;]<\/p>\n","protected":false},"author":1,"featured_media":0,"parent":0,"menu_order":0,"comment_status":"closed","ping_status":"closed","template":"","meta":[],"_links":{"self":[{"href":"https:\/\/www.tomserin.com\/index.php\/wp-json\/wp\/v2\/pages\/5"}],"collection":[{"href":"https:\/\/www.tomserin.com\/index.php\/wp-json\/wp\/v2\/pages"}],"about":[{"href":"https:\/\/www.tomserin.com\/index.php\/wp-json\/wp\/v2\/types\/page"}],"author":[{"embeddable":true,"href":"https:\/\/www.tomserin.com\/index.php\/wp-json\/wp\/v2\/users\/1"}],"replies":[{"embeddable":true,"href":"https:\/\/www.tomserin.com\/index.php\/wp-json\/wp\/v2\/comments?post=5"}],"version-history":[{"count":30,"href":"https:\/\/www.tomserin.com\/index.php\/wp-json\/wp\/v2\/pages\/5\/revisions"}],"predecessor-version":[{"id":204,"href":"https:\/\/www.tomserin.com\/index.php\/wp-json\/wp\/v2\/pages\/5\/revisions\/204"}],"wp:attachment":[{"href":"https:\/\/www.tomserin.com\/index.php\/wp-json\/wp\/v2\/media?parent=5"}],"curies":[{"name":"wp","href":"https:\/\/api.w.org\/{rel}","templated":true}]}}